{"id":29053,"date":"2019-07-29T21:35:21","date_gmt":"2019-07-29T19:35:21","guid":{"rendered":"http:\/\/srg-grabau.de\/index_htm_files\/?page_id=29053"},"modified":"2020-12-10T11:40:48","modified_gmt":"2020-12-10T10:40:48","slug":"code_einloesen","status":"publish","type":"page","link":"https:\/\/srg-grabau.de\/index_htm_files\/code_einloesen\/","title":{"rendered":"Code Aktivieren"},"content":{"rendered":"<p>[et_pb_section fb_built=&#8220;1&#8243; custom_padding_last_edited=&#8220;on|desktop&#8220; admin_label=&#8220;prinzip&#8220; module_id=&#8220;prinzip&#8220; module_class=&#8220;prinzip&#8220; _builder_version=&#8220;3.22.3&#8243; background_color=&#8220;#ffffff&#8220; parallax=&#8220;on&#8220; parallax_method=&#8220;off&#8220; custom_padding_tablet=&#8220;50px|0|50px|0&#8243; custom_padding_phone=&#8220;&#8220; transparent_background=&#8220;off&#8220; padding_mobile=&#8220;off&#8220; collapsed=&#8220;on&#8220;][et_pb_row admin_label=&#8220;Row&#8220; _builder_version=&#8220;3.25&#8243; background_size=&#8220;initial&#8220; background_position=&#8220;top_left&#8220; background_repeat=&#8220;repeat&#8220;][et_pb_column type=&#8220;4_4&#8243; _builder_version=&#8220;3.25&#8243; custom_padding=&#8220;|||&#8220; custom_padding__hover=&#8220;|||&#8220;][et_pb_cta button_url=&#8220;#kontakt&#8220; admin_label=&#8220;Our Work&#8220; module_id=&#8220;toptext&#8220; _builder_version=&#8220;3.16&#8243; header_font=&#8220;Open Sans|||on|&#8220; header_text_color=&#8220;#494949&#8243; header_font_size=&#8220;38&#8243; header_line_height=&#8220;1.4em&#8220; body_font=&#8220;Open Sans||||&#8220; body_text_color=&#8220;#666666&#8243; body_font_size=&#8220;16&#8243; body_line_height=&#8220;1.5em&#8220; use_background_color=&#8220;off&#8220; background_size=&#8220;initial&#8220; background_position=&#8220;top_left&#8220; background_repeat=&#8220;repeat&#8220; custom_button=&#8220;on&#8220; button_text_size=&#8220;17&#8243; button_text_color=&#8220;#fcbf00&#8243; button_bg_color=&#8220;#2b2c2a&#8220; button_border_color=&#8220;#2b2c2a&#8220; button_border_radius=&#8220;0&#8243; button_letter_spacing=&#8220;2&#8243; button_font=&#8220;Oswald|||on|&#8220; button_icon=&#8220;%%24%%&#8220; text_orientation=&#8220;left&#8220; background_layout=&#8220;light&#8220; header_font_size_tablet=&#8220;34&#8243; header_font_size_phone=&#8220;30&#8243; header_font_size_last_edited=&#8220;on|phone&#8220; custom_css_promo_title=&#8220;font-weight: 800;&#8220; use_border_color=&#8220;off&#8220; border_color=&#8220;#ffffff&#8220; border_style=&#8220;solid&#8220; button_text_color_hover=&#8220;#2b2c2a&#8220; button_border_color_hover=&#8220;#2b2c2a&#8220; button_border_radius_hover=&#8220;0&#8243; button_letter_spacing_hover=&#8220;2&#8243; button_bg_color_hover=&#8220;rgba(0,0,0,0)&#8220; button_text_size__hover_enabled=&#8220;off&#8220; button_one_text_size__hover_enabled=&#8220;off&#8220; button_two_text_size__hover_enabled=&#8220;off&#8220; button_text_color__hover_enabled=&#8220;on&#8220; button_text_color__hover=&#8220;#2b2c2a&#8220; button_one_text_color__hover_enabled=&#8220;off&#8220; button_two_text_color__hover_enabled=&#8220;off&#8220; button_border_width__hover_enabled=&#8220;off&#8220; button_one_border_width__hover_enabled=&#8220;off&#8220; button_two_border_width__hover_enabled=&#8220;off&#8220; button_border_color__hover_enabled=&#8220;on&#8220; button_border_color__hover=&#8220;#2b2c2a&#8220; button_one_border_color__hover_enabled=&#8220;off&#8220; button_two_border_color__hover_enabled=&#8220;off&#8220; button_border_radius__hover_enabled=&#8220;on&#8220; button_border_radius__hover=&#8220;0&#8243; button_one_border_radius__hover_enabled=&#8220;off&#8220; button_two_border_radius__hover_enabled=&#8220;off&#8220; button_letter_spacing__hover_enabled=&#8220;on&#8220; button_letter_spacing__hover=&#8220;2&#8243; button_one_letter_spacing__hover_enabled=&#8220;off&#8220; button_two_letter_spacing__hover_enabled=&#8220;off&#8220; button_bg_color__hover_enabled=&#8220;on&#8220; button_bg_color__hover=&#8220;rgba(0,0,0,0)&#8220; button_one_bg_color__hover_enabled=&#8220;off&#8220; button_two_bg_color__hover_enabled=&#8220;off&#8220;]<\/p>\n<h2>Sie haben Ihren Anh\u00e4nger erhalten?<\/h2>\n<h2><span style=\"color: #fcbf00;\">Registrieren sie ihn jetzt selbst!<\/span><\/h2>\n<p><span color=\"#4c4c4c\" style=\"color: #4c4c4c;\"><b>F\u00dcLLEN SIE EINFACH DAS FOLGENDE FORMULAR AUS UM SICH BEI UNS ZU REGISTRIEREN. SO GELANGT IHR SCHL\u00dcSSEL BEI VERLUST AUCH AN DIE RICHTIGE ADRESSE.<\/b><\/span><\/p>\n<p>[\/et_pb_cta][\/et_pb_column][\/et_pb_row][\/et_pb_section][et_pb_section fb_built=&#8220;1&#8243; custom_padding_last_edited=&#8220;on|desktop&#8220; admin_label=&#8220;kontakt&#8220; module_id=&#8220;kontakt&#8220; module_class=&#8220;kontakt&#8220; _builder_version=&#8220;3.22.3&#8243; background_color=&#8220;#ffffff&#8220; custom_padding=&#8220;0px|||&#8220; custom_padding_tablet=&#8220;50px|0|50px|0&#8243; custom_padding_phone=&#8220;&#8220; transparent_background=&#8220;off&#8220; padding_mobile=&#8220;off&#8220; collapsed=&#8220;on&#8220;][et_pb_row admin_label=&#8220;Row&#8220; _builder_version=&#8220;3.26.5&#8243; background_size=&#8220;initial&#8220; background_position=&#8220;top_left&#8220; background_repeat=&#8220;repeat&#8220;][et_pb_column type=&#8220;4_4&#8243; _builder_version=&#8220;3.26.5&#8243; custom_padding=&#8220;|||&#8220; custom_padding__hover=&#8220;|||&#8220;][et_pb_cta admin_label=&#8220;Send Us a Message&#8220; _builder_version=&#8220;3.16&#8243; header_font=&#8220;Open Sans|||on|&#8220; header_text_color=&#8220;#494949&#8243; header_font_size=&#8220;38&#8243; header_line_height=&#8220;1.4em&#8220; use_background_color=&#8220;off&#8220; background_size=&#8220;initial&#8220; background_position=&#8220;top_left&#8220; background_repeat=&#8220;repeat&#8220; background_layout=&#8220;light&#8220; custom_margin=&#8220;||0px|&#8220; custom_padding=&#8220;||0px|&#8220; header_font_size_tablet=&#8220;34&#8243; header_font_size_phone=&#8220;30&#8243; header_font_size_last_edited=&#8220;on|phone&#8220; custom_css_promo_title=&#8220;font-weight: 800;||&#8220; use_border_color=&#8220;off&#8220; border_color=&#8220;#ffffff&#8220; border_style=&#8220;solid&#8220; button_text_size__hover_enabled=&#8220;off&#8220; button_one_text_size__hover_enabled=&#8220;off&#8220; button_two_text_size__hover_enabled=&#8220;off&#8220; button_text_color__hover_enabled=&#8220;off&#8220; button_one_text_color__hover_enabled=&#8220;off&#8220; button_two_text_color__hover_enabled=&#8220;off&#8220; button_border_width__hover_enabled=&#8220;off&#8220; button_one_border_width__hover_enabled=&#8220;off&#8220; button_two_border_width__hover_enabled=&#8220;off&#8220; button_border_color__hover_enabled=&#8220;off&#8220; button_one_border_color__hover_enabled=&#8220;off&#8220; button_two_border_color__hover_enabled=&#8220;off&#8220; button_border_radius__hover_enabled=&#8220;off&#8220; button_one_border_radius__hover_enabled=&#8220;off&#8220; button_two_border_radius__hover_enabled=&#8220;off&#8220; button_letter_spacing__hover_enabled=&#8220;off&#8220; button_one_letter_spacing__hover_enabled=&#8220;off&#8220; button_two_letter_spacing__hover_enabled=&#8220;off&#8220; button_bg_color__hover_enabled=&#8220;off&#8220; button_one_bg_color__hover_enabled=&#8220;off&#8220; button_two_bg_color__hover_enabled=&#8220;off&#8220;]<\/p>\n<h2>JETZT IHREN ANH\u00c4NGER\u00a0<span style=\"color: #fcbf00;\">AKTIVIEREN<\/span><\/h2>\n<p>[\/et_pb_cta][et_pb_contact_form captcha=&#8220;off&#8220; email=&#8220;info@srg-grabau.de&#8220; success_message=&#8220;Vielen Dank f\u00fcr Ihre Aktivierung, Sie haben Ihren Code erfolgreich aktiviert!&#8220; submit_button_text=&#8220;Aktivieren&#8220; admin_label=&#8220;Contact Form&#8220; _builder_version=&#8220;4.0.6&#8243; form_field_background_color=&#8220;rgba(0,0,0,0)&#8220; custom_button=&#8220;on&#8220; button_text_color=&#8220;#fcbf00&#8243; button_bg_color=&#8220;#2b2c2a&#8220; button_border_color=&#8220;#2b2c2a&#8220; button_border_radius=&#8220;0&#8243; button_letter_spacing=&#8220;2&#8243; button_font=&#8220;Oswald|||on|&#8220; border_radii=&#8220;on|0px|0px|0px|0px&#8220; border_width_all=&#8220;1px&#8220; border_color_all=&#8220;rgba(43,44,42,0.53)&#8220; border_style_all=&#8220;solid&#8220; use_border_color=&#8220;on&#8220; border_color=&#8220;rgba(43,44,42,0.53)&#8220; border_style=&#8220;solid&#8220; input_border_radius=&#8220;0&#8243; form_background_color=&#8220;rgba(0,0,0,0)&#8220; button_text_color_hover=&#8220;#2b2c2a&#8220; button_bg_color_hover=&#8220;rgba(0,0,0,0)&#8220; button_border_color_hover=&#8220;#2b2c2a&#8220; button_border_radius_hover=&#8220;0&#8243; button_letter_spacing_hover=&#8220;2&#8243;][et_pb_contact_field field_id=&#8220;Name&#8220; field_title=&#8220;Name&#8220; _builder_version=&#8220;3.16&#8243; form_field_font=&#8220;||||&#8220; use_border_color=&#8220;off&#8220; border_style=&#8220;solid&#8220; button_text_size__hover_enabled=&#8220;off&#8220; button_one_text_size__hover_enabled=&#8220;off&#8220; button_two_text_size__hover_enabled=&#8220;off&#8220; button_text_color__hover_enabled=&#8220;off&#8220; button_one_text_color__hover_enabled=&#8220;off&#8220; button_two_text_color__hover_enabled=&#8220;off&#8220; button_border_width__hover_enabled=&#8220;off&#8220; button_one_border_width__hover_enabled=&#8220;off&#8220; button_two_border_width__hover_enabled=&#8220;off&#8220; button_border_color__hover_enabled=&#8220;off&#8220; button_one_border_color__hover_enabled=&#8220;off&#8220; button_two_border_color__hover_enabled=&#8220;off&#8220; button_border_radius__hover_enabled=&#8220;off&#8220; button_one_border_radius__hover_enabled=&#8220;off&#8220; button_two_border_radius__hover_enabled=&#8220;off&#8220; button_letter_spacing__hover_enabled=&#8220;off&#8220; button_one_letter_spacing__hover_enabled=&#8220;off&#8220; button_two_letter_spacing__hover_enabled=&#8220;off&#8220; button_bg_color__hover_enabled=&#8220;off&#8220; button_one_bg_color__hover_enabled=&#8220;off&#8220; button_two_bg_color__hover_enabled=&#8220;off&#8220;] [\/et_pb_contact_field][et_pb_contact_field field_id=&#8220;Email&#8220; field_title=&#8220;Email Adresse&#8220; field_type=&#8220;email&#8220; _builder_version=&#8220;3.26.5&#8243; form_field_font=&#8220;||||&#8220; use_border_color=&#8220;off&#8220; border_style=&#8220;solid&#8220; button_text_size__hover_enabled=&#8220;off&#8220; button_one_text_size__hover_enabled=&#8220;off&#8220; button_two_text_size__hover_enabled=&#8220;off&#8220; button_text_color__hover_enabled=&#8220;off&#8220; button_one_text_color__hover_enabled=&#8220;off&#8220; button_two_text_color__hover_enabled=&#8220;off&#8220; button_border_width__hover_enabled=&#8220;off&#8220; button_one_border_width__hover_enabled=&#8220;off&#8220; button_two_border_width__hover_enabled=&#8220;off&#8220; button_border_color__hover_enabled=&#8220;off&#8220; button_one_border_color__hover_enabled=&#8220;off&#8220; button_two_border_color__hover_enabled=&#8220;off&#8220; button_border_radius__hover_enabled=&#8220;off&#8220; button_one_border_radius__hover_enabled=&#8220;off&#8220; button_two_border_radius__hover_enabled=&#8220;off&#8220; button_letter_spacing__hover_enabled=&#8220;off&#8220; button_one_letter_spacing__hover_enabled=&#8220;off&#8220; button_two_letter_spacing__hover_enabled=&#8220;off&#8220; button_bg_color__hover_enabled=&#8220;off&#8220; button_one_bg_color__hover_enabled=&#8220;off&#8220; button_two_bg_color__hover_enabled=&#8220;off&#8220;] [\/et_pb_contact_field][et_pb_contact_field field_id=&#8220;Adresse&#8220; field_title=&#8220;Adresse (Stra\u00dfe, Hausnummer, PLZ, Stadt)&#8220; _builder_version=&#8220;3.26.5&#8243; form_field_font=&#8220;||||&#8220; use_border_color=&#8220;off&#8220; border_style=&#8220;solid&#8220; button_text_size__hover_enabled=&#8220;off&#8220; button_one_text_size__hover_enabled=&#8220;off&#8220; button_two_text_size__hover_enabled=&#8220;off&#8220; button_text_color__hover_enabled=&#8220;off&#8220; button_one_text_color__hover_enabled=&#8220;off&#8220; button_two_text_color__hover_enabled=&#8220;off&#8220; button_border_width__hover_enabled=&#8220;off&#8220; button_one_border_width__hover_enabled=&#8220;off&#8220; button_two_border_width__hover_enabled=&#8220;off&#8220; button_border_color__hover_enabled=&#8220;off&#8220; button_one_border_color__hover_enabled=&#8220;off&#8220; button_two_border_color__hover_enabled=&#8220;off&#8220; button_border_radius__hover_enabled=&#8220;off&#8220; button_one_border_radius__hover_enabled=&#8220;off&#8220; button_two_border_radius__hover_enabled=&#8220;off&#8220; button_letter_spacing__hover_enabled=&#8220;off&#8220; button_one_letter_spacing__hover_enabled=&#8220;off&#8220; button_two_letter_spacing__hover_enabled=&#8220;off&#8220; button_bg_color__hover_enabled=&#8220;off&#8220; button_one_bg_color__hover_enabled=&#8220;off&#8220; button_two_bg_color__hover_enabled=&#8220;off&#8220;] [\/et_pb_contact_field][et_pb_contact_field field_id=&#8220;Telefonnummer&#8220; field_title=&#8220;Telefonnummer&#8220; allowed_symbols=&#8220;numbers&#8220; _builder_version=&#8220;3.26.5&#8243; form_field_font=&#8220;||||&#8220; use_border_color=&#8220;off&#8220; border_style=&#8220;solid&#8220; button_text_size__hover_enabled=&#8220;off&#8220; button_one_text_size__hover_enabled=&#8220;off&#8220; button_two_text_size__hover_enabled=&#8220;off&#8220; button_text_color__hover_enabled=&#8220;off&#8220; button_one_text_color__hover_enabled=&#8220;off&#8220; button_two_text_color__hover_enabled=&#8220;off&#8220; button_border_width__hover_enabled=&#8220;off&#8220; button_one_border_width__hover_enabled=&#8220;off&#8220; button_two_border_width__hover_enabled=&#8220;off&#8220; button_border_color__hover_enabled=&#8220;off&#8220; button_one_border_color__hover_enabled=&#8220;off&#8220; button_two_border_color__hover_enabled=&#8220;off&#8220; button_border_radius__hover_enabled=&#8220;off&#8220; button_one_border_radius__hover_enabled=&#8220;off&#8220; button_two_border_radius__hover_enabled=&#8220;off&#8220; button_letter_spacing__hover_enabled=&#8220;off&#8220; button_one_letter_spacing__hover_enabled=&#8220;off&#8220; button_two_letter_spacing__hover_enabled=&#8220;off&#8220; button_bg_color__hover_enabled=&#8220;off&#8220; button_one_bg_color__hover_enabled=&#8220;off&#8220; button_two_bg_color__hover_enabled=&#8220;off&#8220;] [\/et_pb_contact_field][et_pb_contact_field field_id=&#8220;Code_Nummer&#8220; field_title=&#8220;Code Nummer&#8220; allowed_symbols=&#8220;numbers&#8220; _builder_version=&#8220;3.26.5&#8243; form_field_background_color=&#8220;#e0af45&#8243; form_field_text_color=&#8220;#ffffff&#8220; form_field_focus_text_color=&#8220;#ffffff&#8220; form_field_font=&#8220;||||&#8220; use_border_color=&#8220;off&#8220; border_style=&#8220;solid&#8220; button_text_size__hover_enabled=&#8220;off&#8220; button_one_text_size__hover_enabled=&#8220;off&#8220; button_two_text_size__hover_enabled=&#8220;off&#8220; button_text_color__hover_enabled=&#8220;off&#8220; button_one_text_color__hover_enabled=&#8220;off&#8220; button_two_text_color__hover_enabled=&#8220;off&#8220; button_border_width__hover_enabled=&#8220;off&#8220; button_one_border_width__hover_enabled=&#8220;off&#8220; button_two_border_width__hover_enabled=&#8220;off&#8220; button_border_color__hover_enabled=&#8220;off&#8220; button_one_border_color__hover_enabled=&#8220;off&#8220; button_two_border_color__hover_enabled=&#8220;off&#8220; button_border_radius__hover_enabled=&#8220;off&#8220; button_one_border_radius__hover_enabled=&#8220;off&#8220; button_two_border_radius__hover_enabled=&#8220;off&#8220; button_letter_spacing__hover_enabled=&#8220;off&#8220; button_one_letter_spacing__hover_enabled=&#8220;off&#8220; button_two_letter_spacing__hover_enabled=&#8220;off&#8220; button_bg_color__hover_enabled=&#8220;off&#8220; button_one_bg_color__hover_enabled=&#8220;off&#8220; button_two_bg_color__hover_enabled=&#8220;off&#8220;] [\/et_pb_contact_field][\/et_pb_contact_form][\/et_pb_column][\/et_pb_row][\/et_pb_section][et_pb_section fb_built=&#8220;1&#8243; specialty=&#8220;on&#8220; custom_padding_last_edited=&#8220;on|desktop&#8220; parallax_method_1=&#8220;off&#8220; parallax_method_2=&#8220;off&#8220; admin_label=&#8220;Section&#8220; _builder_version=&#8220;3.22.3&#8243; background_color=&#8220;#2b2c2a&#8220; custom_padding_tablet=&#8220;50px|0|50px|0&#8243; custom_padding_phone=&#8220;&#8220; transparent_background=&#8220;off&#8220; padding_mobile=&#8220;off&#8220; collapsed=&#8220;off&#8220;][et_pb_column type=&#8220;1_3&#8243; _builder_version=&#8220;3.25&#8243; custom_padding=&#8220;|||&#8220; custom_padding__hover=&#8220;|||&#8220;][et_pb_social_media_follow url_new_window=&#8220;off&#8220; admin_label=&#8220;Social Media Follow&#8220; module_id=&#8220;toptext&#8220; _builder_version=&#8220;3.0.96&#8243; background_layout=&#8220;dark&#8220; custom_css_main_element=&#8220;margin: 1% auto;&#8220; border_radii=&#8220;on|100%|100%|100%|100%&#8220; link_shape=&#8220;circle&#8220;][\/et_pb_social_media_follow][\/et_pb_column][et_pb_column type=&#8220;2_3&#8243; specialty_columns=&#8220;2&#8243; _builder_version=&#8220;3.25&#8243; custom_padding=&#8220;|||&#8220; custom_padding__hover=&#8220;|||&#8220;][et_pb_row_inner padding_mobile=&#8220;on&#8220; column_padding_mobile=&#8220;on&#8220; custom_padding_last_edited=&#8220;on|desktop&#8220; admin_label=&#8220;Row&#8220; _builder_version=&#8220;3.25&#8243; custom_padding=&#8220;||0px|&#8220; custom_padding_tablet=&#8220;||10px|&#8220; custom_padding_phone=&#8220;&#8220;][et_pb_column_inner saved_specialty_column_type=&#8220;2_3&#8243; _builder_version=&#8220;3.25&#8243; custom_padding=&#8220;|||&#8220; custom_padding__hover=&#8220;|||&#8220;][et_pb_text _builder_version=&#8220;3.27.4&#8243; text_font=&#8220;Oswald|||on|&#8220; text_text_color=&#8220;#ffffff&#8220; text_font_size=&#8220;16&#8243; text_letter_spacing=&#8220;2px&#8220; background_size=&#8220;initial&#8220; background_position=&#8220;top_left&#8220; background_repeat=&#8220;repeat&#8220; background_layout=&#8220;dark&#8220; use_border_color=&#8220;off&#8220; border_color=&#8220;#ffffff&#8220; border_style=&#8220;solid&#8220;]<a href=\"#prinzip\">Prinzip<\/a>\u00a0 \u00a0 \u00a0<a href=\"#funktion\">Funktion<\/a>\u00a0 \u00a0 \u00a0<a href=\"#produkt\">Produkt<\/a>\u00a0 \u00a0 \u00a0<a href=\"kontakt\">Kontakt<\/a>\u00a0 \u00a0 \u00a0<a href=\"impressum\/\">Impressum\u00a0\u00a0<\/a><\/p>\n<p><a style=\"font-size: 16px; background-color: #2b2c2a;\" href=\"datenschutz\">Datenschutzerkl\u00e4rung<\/a><br \/>\n[\/et_pb_text][\/et_pb_column_inner][\/et_pb_row_inner][et_pb_row_inner column_structure=&#8220;1_2,1_2&#8243; padding_mobile=&#8220;off&#8220; column_padding_mobile=&#8220;on&#8220; admin_label=&#8220;Row&#8220; _builder_version=&#8220;3.25&#8243;][et_pb_column_inner type=&#8220;1_2&#8243; saved_specialty_column_type=&#8220;2_3&#8243; _builder_version=&#8220;3.25&#8243; custom_padding=&#8220;|||&#8220; custom_padding__hover=&#8220;|||&#8220;][et_pb_blurb url=&#8220;#&#8220; use_icon=&#8220;on&#8220; font_icon=&#8220;%%122%%&#8220; icon_color=&#8220;#fcbf00&#8243; icon_placement=&#8220;left&#8220; use_icon_font_size=&#8220;on&#8220; icon_font_size=&#8220;18&#8243; admin_label=&#8220;Blurb&#8220; _builder_version=&#8220;3.0.96&#8243; body_font=&#8220;Open Sans||||&#8220; body_text_color=&#8220;#ffffff&#8220; body_font_size=&#8220;16&#8243; body_line_height=&#8220;1.5em&#8220; background_size=&#8220;initial&#8220; background_position=&#8220;top_left&#8220; background_repeat=&#8220;repeat&#8220; background_layout=&#8220;dark&#8220; use_border_color=&#8220;off&#8220; border_color=&#8220;#ffffff&#8220; border_style=&#8220;solid&#8220;]<span class=\"xr_tl xr_s24\">SRG\u00a0 Schl\u00fcssel-R\u00fcckf\u00fchr-Gesellschaft<\/span><span class=\"xr_tl xr_s24\">\u00a0<\/span><\/p>\n<p><strong><span class=\"xr_tl xr_s24\">Verwaltung SRG<\/span><\/strong><\/p>\n<p><strong><span class=\"xr_tl xr_s24\">Petra Grabau<\/span><\/strong><br \/>\n<span class=\"xr_tl xr_s24\">F\u00fchlinger Kirchweg 76\u00a0<\/span><br \/>\n<span class=\"xr_tl xr_s24\">50769 K\u00f6ln<\/span><br \/>\n[\/et_pb_blurb][\/et_pb_column_inner][et_pb_column_inner type=&#8220;1_2&#8243; saved_specialty_column_type=&#8220;2_3&#8243; _builder_version=&#8220;3.25&#8243; custom_padding=&#8220;|||&#8220; custom_padding__hover=&#8220;|||&#8220;][et_pb_blurb url=&#8220;#&#8220; use_icon=&#8220;on&#8220; font_icon=&#8220;%%109%%&#8220; icon_color=&#8220;#fcbf00&#8243; icon_placement=&#8220;left&#8220; use_icon_font_size=&#8220;on&#8220; icon_font_size=&#8220;20&#8243; admin_label=&#8220;Blurb&#8220; _builder_version=&#8220;3.0.96&#8243; body_font=&#8220;Open Sans||||&#8220; body_text_color=&#8220;#ffffff&#8220; body_font_size=&#8220;16&#8243; body_line_height=&#8220;1.5em&#8220; background_size=&#8220;initial&#8220; background_position=&#8220;top_left&#8220; background_repeat=&#8220;repeat&#8220; background_layout=&#8220;dark&#8220; custom_margin=&#8220;||0px|&#8220; custom_padding=&#8220;||15px|&#8220; use_border_color=&#8220;off&#8220; border_color=&#8220;#ffffff&#8220; border_style=&#8220;solid&#8220;]info@srg-grabau.de<br \/>\n[\/et_pb_blurb][et_pb_blurb url=&#8220;#&#8220; use_icon=&#8220;on&#8220; font_icon=&#8220;%%264%%&#8220; icon_color=&#8220;#fcbf00&#8243; icon_placement=&#8220;left&#8220; use_icon_font_size=&#8220;on&#8220; icon_font_size=&#8220;20&#8243; admin_label=&#8220;Blurb&#8220; _builder_version=&#8220;3.0.96&#8243; body_font=&#8220;Open Sans||||&#8220; body_text_color=&#8220;#ffffff&#8220; body_font_size=&#8220;16&#8243; body_line_height=&#8220;1.5em&#8220; background_size=&#8220;initial&#8220; background_position=&#8220;top_left&#8220; background_repeat=&#8220;repeat&#8220; background_layout=&#8220;dark&#8220; use_border_color=&#8220;off&#8220; border_color=&#8220;#ffffff&#8220; border_style=&#8220;solid&#8220;]0221 240 18 18<br \/>\n[\/et_pb_blurb][et_pb_blurb url=&#8220;#&#8220; use_icon=&#8220;on&#8220; font_icon=&#8220;%%104%%&#8220; icon_color=&#8220;#fcbf00&#8243; icon_placement=&#8220;left&#8220; use_icon_font_size=&#8220;on&#8220; icon_font_size=&#8220;20&#8243; admin_label=&#8220;Blurb&#8220; _builder_version=&#8220;3.0.96&#8243; body_font=&#8220;Open Sans||||&#8220; body_text_color=&#8220;#ffffff&#8220; body_font_size=&#8220;16&#8243; body_line_height=&#8220;1.5em&#8220; background_size=&#8220;initial&#8220; background_position=&#8220;top_left&#8220; background_repeat=&#8220;repeat&#8220; background_layout=&#8220;dark&#8220; use_border_color=&#8220;off&#8220; border_color=&#8220;#ffffff&#8220; border_style=&#8220;solid&#8220;]0171 766 85 15<br \/>\n[\/et_pb_blurb][et_pb_blurb url=&#8220;#&#8220; use_icon=&#8220;on&#8220; font_icon=&#8220;%%65%%&#8220; icon_color=&#8220;#fcbf00&#8243; icon_placement=&#8220;left&#8220; use_icon_font_size=&#8220;on&#8220; icon_font_size=&#8220;20&#8243; admin_label=&#8220;Blurb&#8220; _builder_version=&#8220;3.0.96&#8243; body_font=&#8220;Open Sans||||&#8220; body_text_color=&#8220;#ffffff&#8220; body_font_size=&#8220;16&#8243; body_line_height=&#8220;1.5em&#8220; background_size=&#8220;initial&#8220; background_position=&#8220;top_left&#8220; background_repeat=&#8220;repeat&#8220; background_layout=&#8220;dark&#8220; use_border_color=&#8220;off&#8220; border_color=&#8220;#ffffff&#8220; border_style=&#8220;solid&#8220;]0221 240 14 65<br \/>\n[\/et_pb_blurb][et_pb_blurb title=&#8220;Facebook Seite&#8220; url=&#8220;https:\/\/www.facebook.com\/SRG.Grabau\/&#8220; url_new_window=&#8220;on&#8220; use_icon=&#8220;on&#8220; font_icon=&#8220;%%337%%&#8220; icon_color=&#8220;#fcbf00&#8243; icon_placement=&#8220;left&#8220; use_icon_font_size=&#8220;on&#8220; icon_font_size=&#8220;20&#8243; admin_label=&#8220;Blurb&#8220; _builder_version=&#8220;3.0.96&#8243; body_font=&#8220;Open Sans||||&#8220; body_text_color=&#8220;#ffffff&#8220; body_font_size=&#8220;16&#8243; body_line_height=&#8220;1.5em&#8220; background_size=&#8220;initial&#8220; background_position=&#8220;top_left&#8220; background_repeat=&#8220;repeat&#8220; background_layout=&#8220;dark&#8220; use_border_color=&#8220;off&#8220; border_color=&#8220;#ffffff&#8220; border_style=&#8220;solid&#8220;][\/et_pb_blurb][\/et_pb_column_inner][\/et_pb_row_inner][\/et_pb_column][\/et_pb_section]<\/p>\n","protected":false},"excerpt":{"rendered":"<p>Sie haben Ihren Anh\u00e4nger erhalten? Registrieren sie ihn jetzt selbst! F\u00dcLLEN SIE EINFACH DAS FOLGENDE FORMULAR AUS UM SICH BEI UNS ZU REGISTRIEREN. SO GELANGT IHR SCHL\u00dcSSEL BEI VERLUST AUCH AN DIE RICHTIGE ADRESSE.JETZT IHREN ANH\u00c4NGER\u00a0AKTIVIEREN Prinzip\u00a0 \u00a0 \u00a0Funktion\u00a0 \u00a0 \u00a0Produkt\u00a0 \u00a0 \u00a0Kontakt\u00a0 \u00a0 \u00a0Impressum\u00a0\u00a0 Datenschutzerkl\u00e4rung SRG\u00a0 Schl\u00fcssel-R\u00fcckf\u00fchr-Gesellschaft\u00a0 Verwaltung SRG Petra Grabau F\u00fchlinger Kirchweg 76\u00a0 [&hellip;]<\/p>\n","protected":false},"author":1,"featured_media":0,"parent":0,"menu_order":0,"comment_status":"closed","ping_status":"closed","template":"","meta":{"_et_pb_use_builder":"on","_et_pb_old_content":"","_et_gb_content_width":"","footnotes":""},"class_list":["post-29053","page","type-page","status-publish","hentry"],"_links":{"self":[{"href":"https:\/\/srg-grabau.de\/index_htm_files\/wp-json\/wp\/v2\/pages\/29053","targetHints":{"allow":["GET"]}}],"collection":[{"href":"https:\/\/srg-grabau.de\/index_htm_files\/wp-json\/wp\/v2\/pages"}],"about":[{"href":"https:\/\/srg-grabau.de\/index_htm_files\/wp-json\/wp\/v2\/types\/page"}],"author":[{"embeddable":true,"href":"https:\/\/srg-grabau.de\/index_htm_files\/wp-json\/wp\/v2\/users\/1"}],"replies":[{"embeddable":true,"href":"https:\/\/srg-grabau.de\/index_htm_files\/wp-json\/wp\/v2\/comments?post=29053"}],"version-history":[{"count":19,"href":"https:\/\/srg-grabau.de\/index_htm_files\/wp-json\/wp\/v2\/pages\/29053\/revisions"}],"predecessor-version":[{"id":29097,"href":"https:\/\/srg-grabau.de\/index_htm_files\/wp-json\/wp\/v2\/pages\/29053\/revisions\/29097"}],"wp:attachment":[{"href":"https:\/\/srg-grabau.de\/index_htm_files\/wp-json\/wp\/v2\/media?parent=29053"}],"curies":[{"name":"wp","href":"https:\/\/api.w.org\/{rel}","templated":true}]}}